{"id":1036,"date":"2025-11-01T10:20:57","date_gmt":"2025-11-01T09:20:57","guid":{"rendered":"https:\/\/die-bewegungsebene.de\/cms\/?page_id=1036"},"modified":"2026-03-29T15:02:32","modified_gmt":"2026-03-29T13:02:32","slug":"kultur-fruehlings-saal","status":"publish","type":"page","link":"https:\/\/die-bewegungsebene.de\/cms\/kultur-fruehlings-saal\/","title":{"rendered":"Kultur"},"content":{"rendered":"<h2 style=\"text-align: center;\" data-path-to-node=\"3\">\u00a0\u2013 Fr\u00fchling \u2013 Saal \u2013<\/h2>\n<h3 data-path-to-node=\"4\">Musik mit Herz und Fr\u00fchlingsgef\u00fchlen<\/h3>\n<p data-path-to-node=\"5\">Wenn die Tage wieder l\u00e4nger werden und das erste Gr\u00fcn durch den Asphalt bricht, \u00f6ffnet unser\u00a0<b data-path-to-node=\"5\" data-index-in-node=\"93\">Kultur-Fr\u00fchling-Saal<\/b>\u00a0seine T\u00fcren f\u00fcr Momente voller Resonanz und Aufbruch.<\/p>\n<p data-path-to-node=\"6\">Hier treffen sich Musikliebhaber, K\u00fcnstlerinnen und K\u00fcnstler in famili\u00e4rer Atmosph\u00e4re \u2013 ganz ohne B\u00fchne, Bar oder Eintrittskarten. Wo im Winter noch die Kerzen leuchteten, lassen wir nun das frische Licht herein. Statt schwerer M\u00e4ntel bringen wir Neugier mit, und statt der K\u00e4lte weicht die Stille einer ehrlichen, lebendigen Begeisterung.<\/p>\n<h3 data-start=\"597\" data-end=\"629\">Musik im Wohnzimmer-Charme<\/h3>\n<p data-start=\"630\" data-end=\"983\">Unsere Veranstaltungen sind <strong data-start=\"658\" data-end=\"673\">rein privat<\/strong> und <strong data-start=\"678\" data-end=\"699\">nicht kommerziell<\/strong>. Sie bieten Musikerinnen, Musikern und Gruppen die M\u00f6glichkeit, ihre Kunst einem aufmerksamen Publikum zu pr\u00e4sentieren \u2013 ohne Druck, aber mit viel Herz. Jeder, der Lust hat, kann sich <strong data-start=\"884\" data-end=\"913\">nach vorheriger Anmeldung<\/strong> zu den Konzerten anmelden und Teil dieses besonderen Abends werden.<\/p>\n<h3 data-start=\"1297\" data-end=\"1325\">!Hausschuhe nicht vergessen!<\/h3>\n<p data-start=\"1326\" data-end=\"1582\">Da unsere Konzerte in unseren eigenen R\u00e4umen stattfinden, bitten wir alle G\u00e4ste, <strong data-start=\"1407\" data-end=\"1434\">Hausschuhe mitzubringen<\/strong> \u2013 das sorgt nicht nur f\u00fcr warme F\u00fc\u00dfe, sondern auch f\u00fcr die gem\u00fctliche, pers\u00f6nliche Atmosph\u00e4re, die unseren Kultur-Winter-Saal so besonders macht.<\/p>\n<h3 data-start=\"1584\" data-end=\"1628\">Musik erleben \u2013 echt, nah und herzlich<\/h3>\n<p data-start=\"1629\" data-end=\"1876\">Ob Singer-Songwriter, kleine Ensembles oder akustische Duos \u2013 bei uns steht das Miteinander im Mittelpunkt. Der <strong data-start=\"1741\" data-end=\"1763\">Kultur-Fr\u00fchlings-Saal<\/strong> ist ein Ort, an dem Musik auf Freundschaft trifft, wo Zuh\u00f6ren genauso wichtig ist wie das gemeinsame Genie\u00dfen.<\/p>\n<p data-hveid=\"CAEICBAA\" data-processed=\"true\" data-complete=\"true\"><strong>Wo: Kultur-Fr\u00fchlings-Saal<\/strong><br data-serialized-params=\"[]\" data-complete=\"true\" data-processed=\"true\" \/><strong>Tickets &amp; Reservierung: <\/strong><\/p>\n<p data-hveid=\"CAEICBAA\" data-processed=\"true\" data-complete=\"true\"><strong>WhatsApp (+49)17699124320 oder kunstvoll@freenet.de<\/strong><\/p>\n<p data-hveid=\"CAEICBAA\" data-processed=\"true\" data-complete=\"true\"><strong>Anmeldung erforderlich!<\/strong><\/p>\n<p data-hveid=\"CAEICRAA\" data-processed=\"true\" data-complete=\"true\"><strong>Kommen Sie vorbei, spielen Sie mit und lassen Sie uns gemeinsam die Liebe zur Musik feiern!<\/strong><\/p>\n<p><strong><a href=\"https:\/\/die-bewegungsebene.de\/cms\/resueme\/\">Hier noch ein kleine Res\u00fcme zu den letzten Veranstaltungen<\/a><\/strong><\/p>\n\t\t<div id=\"image_gallery_1028\" class=\"row all-images\">\n\t\t\t<div class=\"slider-pro\" id=\"my-slider-1028\">\n\t\t\t\t<div class=\"sp-slides\">\n\t\t\t\t\t\t\t\t\t\t\t\t<div class=\"sp-slide\">\n\t\t\t\t\t\t\t\t\t\t\t\t\t\t\t\t\t<img decoding=\"async\" class=\"sp-image\" src=\"https:\/\/die-bewegungsebene.de\/cms\/wp-content\/plugins\/media-slider\/css\/images\/blank.gif\"\n\t\t\t\t\t\t\t\t\t\tdata-src=\"https:\/\/die-bewegungsebene.de\/cms\/wp-content\/uploads\/2025\/10\/WKS01.png\" data-small=\"https:\/\/die-bewegungsebene.de\/cms\/wp-content\/uploads\/2025\/10\/WKS01.png\"\n\t\t\t\t\t\t\t\t\t\tdata-medium=\"https:\/\/die-bewegungsebene.de\/cms\/wp-content\/uploads\/2025\/10\/WKS01.png\" data-large=\"https:\/\/die-bewegungsebene.de\/cms\/wp-content\/uploads\/2025\/10\/WKS01.png\"\n\t\t\t\t\t\t\t\t\t\tdata-retina=\"https:\/\/die-bewegungsebene.de\/cms\/wp-content\/uploads\/2025\/10\/WKS01.png\" \/>\n\n\t\t\t\t\t\t\t\t\t\n\t\t\t\t\t\t\t\t\t\t\t\t\t\t\t\t\t\t\t\t\t\t\t\t\t\t\t\t\t\t\t\t<\/div>\n\t\t\t\t\t\t\t\t\t\t\t\t\t\t<div class=\"sp-slide\">\n\t\t\t\t\t\t\t\t\t\t\t\t\t\t\t\t\t<img decoding=\"async\" class=\"sp-image\" src=\"https:\/\/die-bewegungsebene.de\/cms\/wp-content\/plugins\/media-slider\/css\/images\/blank.gif\"\n\t\t\t\t\t\t\t\t\t\tdata-src=\"https:\/\/die-bewegungsebene.de\/cms\/wp-content\/uploads\/2025\/10\/WKS02.png\" data-small=\"https:\/\/die-bewegungsebene.de\/cms\/wp-content\/uploads\/2025\/10\/WKS02.png\"\n\t\t\t\t\t\t\t\t\t\tdata-medium=\"https:\/\/die-bewegungsebene.de\/cms\/wp-content\/uploads\/2025\/10\/WKS02.png\" data-large=\"https:\/\/die-bewegungsebene.de\/cms\/wp-content\/uploads\/2025\/10\/WKS02.png\"\n\t\t\t\t\t\t\t\t\t\tdata-retina=\"https:\/\/die-bewegungsebene.de\/cms\/wp-content\/uploads\/2025\/10\/WKS02.png\" \/>\n\n\t\t\t\t\t\t\t\t\t\n\t\t\t\t\t\t\t\t\t\t\t\t\t\t\t\t\t\t\t\t\t\t\t\t\t\t\t\t\t\t\t\t<\/div>\n\t\t\t\t\t\t\t\t\t\t\t\t\t\t<div class=\"sp-slide\">\n\t\t\t\t\t\t\t\t\t\t\t\t\t\t\t\t\t<img decoding=\"async\" class=\"sp-image\" src=\"https:\/\/die-bewegungsebene.de\/cms\/wp-content\/plugins\/media-slider\/css\/images\/blank.gif\"\n\t\t\t\t\t\t\t\t\t\tdata-src=\"https:\/\/die-bewegungsebene.de\/cms\/wp-content\/uploads\/2025\/10\/WKS03.png\" data-small=\"https:\/\/die-bewegungsebene.de\/cms\/wp-content\/uploads\/2025\/10\/WKS03.png\"\n\t\t\t\t\t\t\t\t\t\tdata-medium=\"https:\/\/die-bewegungsebene.de\/cms\/wp-content\/uploads\/2025\/10\/WKS03.png\" data-large=\"https:\/\/die-bewegungsebene.de\/cms\/wp-content\/uploads\/2025\/10\/WKS03.png\"\n\t\t\t\t\t\t\t\t\t\tdata-retina=\"https:\/\/die-bewegungsebene.de\/cms\/wp-content\/uploads\/2025\/10\/WKS03.png\" \/>\n\n\t\t\t\t\t\t\t\t\t\n\t\t\t\t\t\t\t\t\t\t\t\t\t\t\t\t\t\t\t\t\t\t\t\t\t\t\t\t\t\t\t\t<\/div>\n\t\t\t\t\t\t\t\t\t\t\t\t\t\t<div class=\"sp-slide\">\n\t\t\t\t\t\t\t\t\t\t\t\t\t\t\t\t\t<img decoding=\"async\" class=\"sp-image\" src=\"https:\/\/die-bewegungsebene.de\/cms\/wp-content\/plugins\/media-slider\/css\/images\/blank.gif\"\n\t\t\t\t\t\t\t\t\t\tdata-src=\"https:\/\/die-bewegungsebene.de\/cms\/wp-content\/uploads\/2025\/10\/WKS04.png\" data-small=\"https:\/\/die-bewegungsebene.de\/cms\/wp-content\/uploads\/2025\/10\/WKS04.png\"\n\t\t\t\t\t\t\t\t\t\tdata-medium=\"https:\/\/die-bewegungsebene.de\/cms\/wp-content\/uploads\/2025\/10\/WKS04.png\" data-large=\"https:\/\/die-bewegungsebene.de\/cms\/wp-content\/uploads\/2025\/10\/WKS04.png\"\n\t\t\t\t\t\t\t\t\t\tdata-retina=\"https:\/\/die-bewegungsebene.de\/cms\/wp-content\/uploads\/2025\/10\/WKS04.png\" \/>\n\n\t\t\t\t\t\t\t\t\t\n\t\t\t\t\t\t\t\t\t\t\t\t\t\t\t\t\t\t\t\t\t\t\t\t\t\t\t\t\t\t\t\t<\/div>\n\t\t\t\t\t\t\t\t\t\t\t\t\t\t<div class=\"sp-slide\">\n\t\t\t\t\t\t\t\t\t\t\t\t\t\t\t\t\t<img decoding=\"async\" class=\"sp-image\" src=\"https:\/\/die-bewegungsebene.de\/cms\/wp-content\/plugins\/media-slider\/css\/images\/blank.gif\"\n\t\t\t\t\t\t\t\t\t\tdata-src=\"https:\/\/die-bewegungsebene.de\/cms\/wp-content\/uploads\/2025\/10\/WKS05.png\" data-small=\"https:\/\/die-bewegungsebene.de\/cms\/wp-content\/uploads\/2025\/10\/WKS05.png\"\n\t\t\t\t\t\t\t\t\t\tdata-medium=\"https:\/\/die-bewegungsebene.de\/cms\/wp-content\/uploads\/2025\/10\/WKS05.png\" data-large=\"https:\/\/die-bewegungsebene.de\/cms\/wp-content\/uploads\/2025\/10\/WKS05.png\"\n\t\t\t\t\t\t\t\t\t\tdata-retina=\"https:\/\/die-bewegungsebene.de\/cms\/wp-content\/uploads\/2025\/10\/WKS05.png\" \/>\n\n\t\t\t\t\t\t\t\t\t\n\t\t\t\t\t\t\t\t\t\t\t\t\t\t\t\t\t\t\t\t\t\t\t\t\t\t\t\t\t\t\t\t<\/div>\n\t\t\t\t\t\t\t\t\t\t\t\t\t\t<div class=\"sp-slide\">\n\t\t\t\t\t\t\t\t\t\t\t\t\t\t\t\t\t<img decoding=\"async\" class=\"sp-image\" src=\"https:\/\/die-bewegungsebene.de\/cms\/wp-content\/plugins\/media-slider\/css\/images\/blank.gif\"\n\t\t\t\t\t\t\t\t\t\tdata-src=\"https:\/\/die-bewegungsebene.de\/cms\/wp-content\/uploads\/2025\/10\/WKS06.png\" data-small=\"https:\/\/die-bewegungsebene.de\/cms\/wp-content\/uploads\/2025\/10\/WKS06.png\"\n\t\t\t\t\t\t\t\t\t\tdata-medium=\"https:\/\/die-bewegungsebene.de\/cms\/wp-content\/uploads\/2025\/10\/WKS06.png\" data-large=\"https:\/\/die-bewegungsebene.de\/cms\/wp-content\/uploads\/2025\/10\/WKS06.png\"\n\t\t\t\t\t\t\t\t\t\tdata-retina=\"https:\/\/die-bewegungsebene.de\/cms\/wp-content\/uploads\/2025\/10\/WKS06.png\" \/>\n\n\t\t\t\t\t\t\t\t\t\n\t\t\t\t\t\t\t\t\t\t\t\t\t\t\t\t\t\t\t\t\t\t\t\t\t\t\t\t\t\t\t\t<\/div>\n\t\t\t\t\t\t\t\t\t\t\t\t\t\t<div class=\"sp-slide\">\n\t\t\t\t\t\t\t\t\t\t\t\t\t\t\t\t\t<img decoding=\"async\" class=\"sp-image\" src=\"https:\/\/die-bewegungsebene.de\/cms\/wp-content\/plugins\/media-slider\/css\/images\/blank.gif\"\n\t\t\t\t\t\t\t\t\t\tdata-src=\"https:\/\/die-bewegungsebene.de\/cms\/wp-content\/uploads\/2025\/10\/WKS07.png\" data-small=\"https:\/\/die-bewegungsebene.de\/cms\/wp-content\/uploads\/2025\/10\/WKS07.png\"\n\t\t\t\t\t\t\t\t\t\tdata-medium=\"https:\/\/die-bewegungsebene.de\/cms\/wp-content\/uploads\/2025\/10\/WKS07.png\" data-large=\"https:\/\/die-bewegungsebene.de\/cms\/wp-content\/uploads\/2025\/10\/WKS07.png\"\n\t\t\t\t\t\t\t\t\t\tdata-retina=\"https:\/\/die-bewegungsebene.de\/cms\/wp-content\/uploads\/2025\/10\/WKS07.png\" \/>\n\n\t\t\t\t\t\t\t\t\t\n\t\t\t\t\t\t\t\t\t\t\t\t\t\t\t\t\t\t\t\t\t\t\t\t\t\t\t\t\t\t\t\t<\/div>\n\t\t\t\t\t\t\t\t\t\t\t\t\t\t<div class=\"sp-slide\">\n\t\t\t\t\t\t\t\t\t\t\t\t\t\t\t\t\t<img decoding=\"async\" class=\"sp-image\" src=\"https:\/\/die-bewegungsebene.de\/cms\/wp-content\/plugins\/media-slider\/css\/images\/blank.gif\"\n\t\t\t\t\t\t\t\t\t\tdata-src=\"https:\/\/die-bewegungsebene.de\/cms\/wp-content\/uploads\/2025\/10\/WKS08.png\" data-small=\"https:\/\/die-bewegungsebene.de\/cms\/wp-content\/uploads\/2025\/10\/WKS08.png\"\n\t\t\t\t\t\t\t\t\t\tdata-medium=\"https:\/\/die-bewegungsebene.de\/cms\/wp-content\/uploads\/2025\/10\/WKS08.png\" data-large=\"https:\/\/die-bewegungsebene.de\/cms\/wp-content\/uploads\/2025\/10\/WKS08.png\"\n\t\t\t\t\t\t\t\t\t\tdata-retina=\"https:\/\/die-bewegungsebene.de\/cms\/wp-content\/uploads\/2025\/10\/WKS08.png\" \/>\n\n\t\t\t\t\t\t\t\t\t\n\t\t\t\t\t\t\t\t\t\t\t\t\t\t\t\t\t\t\t\t\t\t\t\t\t\t\t\t\t\t\t\t<\/div>\n\t\t\t\t\t\t\t\t\t\t\t<\/div>\n\t\t\t\t\t\t\t<\/div>\n\t\t<\/div>\n\t\t<style>\n\t.title-css {\n\t\tfont-size: 18px;\n\t\tfont-weight: bolder;\n\t\ttext-transform: uppercase;\n\t}\n\n\t.desc-css {\n\t\tfont-size: 16px;\n\t}\n\n\t.caption-css {\n\t\tfont-size: 16px;\n\t\tfont-weight: bolder;\n\t\ttext-transform: uppercase;\n\t}\n\n\ta.sp-video:after {\n\t\tbox-sizing: unset;\n\t}\n\n\t<\/style>\n<script type=\"application\/javascript\">\n\tjQuery(document).ready(function (jQuery) {\n\t\tjQuery(\"#my-slider-1028\").sliderPro({\n\t\t\twidth: 600,\n\t\t\theight: 450,\n\t\t\t\/\/Slide\n\t\t\tcenterImage: true,\n\t\t\tallowScaleUp: true,\n\t\t\tautoSlideSize: false,\n\t\t\tautoHeight: true,\n\t\t\tshuffle: false,\n\t\t\tloop: true,\n\t\t\tvisibleSize: 'auto',\n\t\t\twaitForLayers: false,\n\t\t\tautoScaleLayers: true,\n\t\t\t\/\/Auto\n\t\t\tautoplay: true,\n\t\t\tautoplayDelay: 2800,\n\t\t\tautoplayOnHover: 'pause',\n\t\t\t\/\/Navigation\n\t\t\tarrows: true,\n\t\t\tfadeArrows: false,\n\t\t\tbuttons: false,\n\t\t\tkeyboard: false,\n\t\t\tfullScreen: false,\n\t\t\tfadeFullScreen: false,\n\t\t\t\/\/Video\n\t\t\tplayVideoAction: 'stopAutoplay',\n\t\t\tpauseVideoAction: 'none',\n\t\t\t\/\/Thumbnails\n\t\t\tthumbnailWidth: 200,\n\t\t\tthumbnailHeight: 100,\n\t\t\tthumbnailsPosition: 'top',\n\t\t\tthumbnailArrows: true,\n\t\t\tfadeThumbnailArrows: false,\n\t\t\tthumbnailTouchSwipe: true\t\t});\n\t});\n<\/script>\n","protected":false},"excerpt":{"rendered":"<p>\u00a0\u2013 Fr\u00fchling \u2013 Saal \u2013 Musik mit Herz und Fr\u00fchlingsgef\u00fchlen Wenn die Tage wieder l\u00e4nger werden und das erste Gr\u00fcn durch den Asphalt bricht, \u00f6ffnet unser\u00a0Kultur-Fr\u00fchling-Saal\u00a0seine T\u00fcren f\u00fcr Momente voller Resonanz und Aufbruch. Hier treffen sich Musikliebhaber, K\u00fcnstlerinnen und K\u00fcnstler in famili\u00e4rer Atmosph\u00e4re \u2013 ganz ohne B\u00fchne, Bar oder Eintrittskarten. Wo im Winter noch die Kerzen leuchteten, lassen wir nun das frische Licht herein. Statt schwerer M\u00e4ntel bringen wir Neugier mit, und statt der K\u00e4lte weicht die Stille einer ehrlichen, lebendigen Begeisterung. Musik im Wohnzimmer-Charme Unsere Veranstaltungen sind rein privat und nicht kommerziell. Sie bieten Musikerinnen, Musikern und Gruppen die M\u00f6glichkeit, ihre Kunst einem aufmerksamen Publikum zu pr\u00e4sentieren \u2013 ohne Druck, aber mit viel Herz. Jeder, der Lust hat, kann sich nach vorheriger Anmeldung zu den Konzerten anmelden und Teil dieses besonderen Abends werden. !Hausschuhe nicht vergessen! Da unsere Konzerte in unseren eigenen R\u00e4umen stattfinden, bitten wir alle G\u00e4ste, Hausschuhe mitzubringen \u2013 das sorgt nicht nur f\u00fcr warme F\u00fc\u00dfe, sondern auch f\u00fcr die gem\u00fctliche, pers\u00f6nliche Atmosph\u00e4re, die unseren Kultur-Winter-Saal so besonders macht. Musik erleben \u2013 echt, nah und herzlich Ob Singer-Songwriter, kleine Ensembles oder akustische Duos \u2013 bei uns steht das Miteinander im Mittelpunkt. Der Kultur-Fr\u00fchlings-Saal ist ein Ort, an dem Musik auf Freundschaft trifft, wo Zuh\u00f6ren genauso wichtig ist wie das gemeinsame Genie\u00dfen. Wo: Kultur-Fr\u00fchlings-SaalTickets &amp; Reservierung: WhatsApp (+49)17699124320 oder kunstvoll@freenet.de Anmeldung erforderlich! Kommen Sie vorbei, spielen Sie mit und lassen Sie uns gemeinsam die Liebe zur Musik feiern! Hier noch ein kleine Res\u00fcme zu den letzten Veranstaltungen<\/p>\n","protected":false},"author":2,"featured_media":0,"parent":0,"menu_order":0,"comment_status":"closed","ping_status":"closed","template":"","meta":{"footnotes":""},"class_list":["post-1036","page","type-page","status-publish","hentry"],"_links":{"self":[{"href":"https:\/\/die-bewegungsebene.de\/cms\/wp-json\/wp\/v2\/pages\/1036","targetHints":{"allow":["GET"]}}],"collection":[{"href":"https:\/\/die-bewegungsebene.de\/cms\/wp-json\/wp\/v2\/pages"}],"about":[{"href":"https:\/\/die-bewegungsebene.de\/cms\/wp-json\/wp\/v2\/types\/page"}],"author":[{"embeddable":true,"href":"https:\/\/die-bewegungsebene.de\/cms\/wp-json\/wp\/v2\/users\/2"}],"replies":[{"embeddable":true,"href":"https:\/\/die-bewegungsebene.de\/cms\/wp-json\/wp\/v2\/comments?post=1036"}],"version-history":[{"count":64,"href":"https:\/\/die-bewegungsebene.de\/cms\/wp-json\/wp\/v2\/pages\/1036\/revisions"}],"predecessor-version":[{"id":1375,"href":"https:\/\/die-bewegungsebene.de\/cms\/wp-json\/wp\/v2\/pages\/1036\/revisions\/1375"}],"wp:attachment":[{"href":"https:\/\/die-bewegungsebene.de\/cms\/wp-json\/wp\/v2\/media?parent=1036"}],"curies":[{"name":"wp","href":"https:\/\/api.w.org\/{rel}","templated":true}]}}